{"id":3,"date":"2025-06-20T02:37:06","date_gmt":"2025-06-20T02:37:06","guid":{"rendered":"https:\/\/new.eponet.ch\/?page_id=3"},"modified":"2026-04-07T13:42:54","modified_gmt":"2026-04-07T13:42:54","slug":"datenschutzerklarung","status":"publish","type":"page","link":"https:\/\/eponet.ch\/index.php\/datenschutzerklarung\/","title":{"rendered":"Datenschutzerkl\u00e4rung"},"content":{"rendered":"\r\n<h1 class=\"wp-block-heading\">Datenschutzerkl\u00e4rung der Eponet AG (Stand 1.09.2023)<\/h1>\r\n<p class=\"wp-block-heading\">Wir sind dem Schutz der Vertraulichkeit und der Geheimhaltung der uns anvertrauten Informationen verpflichtet. Wir halten die geltenden datenschutzrechtlichen Bestimmungen, insbesondere das Schweizer Bundesgesetz \u00fcber den Datenschutz (DSG), ein. Bitte lesen Sie diese Datenschutzerkl\u00e4rung durch, um zu erfahren, welche Rechte Sie haben, welche Daten wir erheben und wie wir diese Daten nutzen und sch\u00fctzen.<\/p>\r\n<h3 class=\"wp-block-heading\">1. \u00dcber Eponet AG<\/h3>\r\n<p class=\"wp-block-heading\">Die Eponet AG legt grossen Wert auf den Schutz Ihrer pers\u00f6nlichen Daten und die Wahrung Ihrer Privatsph\u00e4re. Im Rahmen unserer Gesch\u00e4ftst\u00e4tigkeit halten wir uns an die Schweizer Datenschutzverordnung von 2023 sowie andere relevante Datenschutzgesetze. Diese Datenschutzerkl\u00e4rung informiert Sie dar\u00fcber, wie wir Ihre personenbezogenen Daten sammeln, verarbeiten und sch\u00fctzen, insbesondere im Zusammenhang mit der Nutzung von Google Analytics, Mailchimp, Hotjar und diversen Social Media Profilen.<\/p>\r\n<p class=\"wp-block-heading\">Die Eponet AG nimmt den Schutz Ihrer pers\u00f6nlichen Daten sehr ernst. Aus diesem Grund m\u00f6chten wir Sie mit den nachfolgenden Informationen \u00fcber die Art, Nutzung, den Zweck und die Begrenzung der Datenerhebung aufkl\u00e4ren. S\u00e4mtliche auf dieser Website erhobenen pers\u00f6nlichen Daten werden ausschliesslich zu Ihrer individuellen Betreuung gespeichert und verarbeitet. Davon ausgenommen sind externe Dienstleister, die in unserem Auftrag Ihre Anfrage oder Ihre Bestellung abwickeln und die hierf\u00fcr zwingend notwendigen Daten verarbeiten.<\/p>\r\n<p class=\"wp-block-heading\">Falls Sie Fragen oder Anmerkungen zu dieser Datenschutzerkl\u00e4rung oder zu unserem Umgang mit personenbezogenen Daten haben, schreiben Sie uns bitte an: <br \/><br \/>Eponet AG <br \/>Bahnhofstrasse 2 <br \/>8590 Romanshorn <br \/>datenschutz@eponet.ch<\/p>\r\n<h3 class=\"wp-block-heading\">2. Datenerhebung und -verarbeitung<\/h3>\r\n<p class=\"wp-block-heading\">Wir erfassen und verarbeiten personenbezogene Daten, die Sie uns freiwillig zur Verf\u00fcgung stellen, um unsere Dienstleistungen zu erbringen, auf Anfragen zu antworten oder um Ihnen relevante Informationen zukommen zu lassen. Dies kann Informationen wie Name, Kontaktinformationen, berufliche Details und weitere Angaben umfassen. Die Datenerhebung beschr\u00e4nken wir auf das notwendige Minimum und verwenden die Daten nur zu den angegebenen Zwecken. Beim Surfen ohne Anmeldung erfassen wir keine personenbezogenen Daten, sondern lediglich Informationen wie beispielsweise IP-Adresse, Uhrzeit, Dauer des Besuchs, Betriebssystem, Browser, Seitenaufrufe usw. Aus diesen Daten lassen sich keine R\u00fcckschl\u00fcsse auf Personen ziehen. Diese Daten sollen uns helfen, unsere Website kontinuierlich zu verbessern.<\/p>\r\n<h3 class=\"wp-block-heading\">3. Wie werden personenbezogene Daten erhoben<\/h3>\r\n<p class=\"wp-block-heading\">Indirekt: Wir nutzen Dienste wie Google Analytics, Mailchimp und Hotjar sowie verschiedene Social Media Profile, um unsere Dienstleistungen zu verbessern und mit Ihnen in Kontakt zu treten. Bitte beachten Sie, dass diese Dienste eigene Datenschutzbestimmungen haben, auf die wir keinen direkten Einfluss haben. Wir empfehlen Ihnen, die Datenschutzerkl\u00e4rungen dieser Dienste zu lesen, um sich \u00fcber deren Datenerhebung und -verarbeitung zu informieren.<\/p>\r\n<p class=\"wp-block-heading\">Direkt: Wir erlangen personenbezogene Daten direkt von nat\u00fcrlichen Personen auf verschiedene Art und Weise, unter anderem von nat\u00fcrlichen Personen, die uns E-Mails schreiben, Online-Anfragen stellen, unseren Newsletter abonnieren, an von uns organisierten Meetings oder Veranstaltungen teilnehmen, unsere Gesch\u00e4ftsr\u00e4ume besuchen oder sich auf offene Stellen bewerben. Wir erlangen personenbezogene Daten ebenfalls direkt, zum Beispiel, wenn nat\u00fcrliche Personen sich auf unserer Plattform registrieren und\/oder unseren Onlineshop nutzen.<\/p>\r\n<p class=\"wp-block-heading\">Wenn Sie sich mit einem Social-Media-Konto (z. B. LinkedIn, Instagram. Pinterest oder Facebook) auf unserer Plattform registrieren oder anmelden, werden wir, um Ihre Identit\u00e4t zu best\u00e4tigen und die Zugangsdaten Ihres Social-Media-Kontos mit uns zu verkn\u00fcpfen, Daten und Inhalte erheben, die f\u00fcr die Registrierung oder die Anmeldung erforderlich sind und f\u00fcr die Sie es Ihrem Social-MediaAnbieter erlaubt haben, sie mit uns zu teilen. Diese Daten k\u00f6nnen Ihren Namen und Ihre E-MailAdresse sowie, je nach Ihren Datenschutzeinstellungen, weitere Angaben \u00fcber Sie umfassen. Pr\u00fcfen Sie deshalb bitte Ihre Datenschutzeinstellung beim jeweiligen Service, um festzulegen, wie viele Daten Sie mit uns teilen m\u00f6chten.<\/p>\r\n<p class=\"wp-block-heading\">Facebook Inc.: https:\/\/de-de.facebook.com\/policy.php<\/p>\r\n<p class=\"wp-block-heading\">Instagram: https:\/\/help.instagram.com\/155833707900388<\/p>\r\n<p class=\"wp-block-heading\">LinkedIn Inc.: https:\/\/www.linkedin.com\/legal\/privacy-policy<\/p>\r\n<p class=\"wp-block-heading\">Pinterest: https:\/\/help.pinterest.com\/de\/article\/your-privacy-and-data-settings<\/p>\r\n<p class=\"wp-block-heading\">Mailchimp: https:\/\/mailchimp.com\/de\/help\/about-the-general-data-protection-regulation\/<\/p>\r\n<p class=\"wp-block-heading\">Hotjar: https:\/\/www.hotjar.com\/legal\/policies\/privacy\/de\/<\/p>\r\n<p class=\"wp-block-heading\">Google Analytics: https:\/\/support.google.com\/analytics\/answer\/12017362?hl=de<\/p>\r\n<p class=\"wp-block-heading\">Die Eponet App sammelt oder kommuniziert aktuell personenbezogenen Daten. Je nach Betriebssystem und Version ist es m\u00f6glich, dass der Benutzer gefragt wird, ob die App auf den Standort des Ger\u00e4ts zugreifen darf. Diese Erlaubnis wird vom Betriebssystem automatisch eingefordert, wenn ein Dienst nach verf\u00fcgbaren Bluetooth Ger\u00e4ten sucht.<\/p>\r\n<h3 class=\"wp-block-heading\">4. Welche Personenspezifischen Daten werden erhoben<\/h3>\r\n<p>Wir k\u00f6nnen die folgenden Kategorien von personenbezogenen Daten \u00fcber nat\u00fcrliche Personen durch direkte Interaktionen mit uns oder aus Informationen erlangen, die von unseren Benutzern, von Bewerbern, von unseren Lieferanten bereitgestellt werden oder aus anderen Situationen stammen, einschliesslich der in dieser Datenschutzerkl\u00e4rung beschriebenen. <br \/><br \/>Personenbezogene Daten: Hier ist eine Liste der personenbezogenen Daten, die wir \u00fcblicherweise erheben, um unsere Gesch\u00e4ftst\u00e4tigkeit aus\u00fcben zu k\u00f6nnen.<\/p>\r\n<ul>\r\n<li>Kontaktdaten (z. B. Name, Firma, Berufsbezeichnung, gesch\u00e4ftliche Telefonnummer und Mobiltelefonnummer, gesch\u00e4ftliche E-Mail-Adresse und Adresse).<\/li>\r\n<li>Zahlungsdaten (z. B. Rechnungsadresse, Zahlungsinformationen je nach gew\u00e4hlter Zahlungsart).<\/li>\r\n<li>Weitere Informationen, die von unseren Benutzern w\u00e4hrend der Nutzung der Webseite\/APP bereitgestellt werden.<br \/><br \/><\/li>\r\n<\/ul>\r\n<h3>5. Rechtsgrundlage f\u00fcr die Datenerhebung<\/h3>\r\n<p>Wir k\u00f6nnen uns bei der Erhebung und Personenbezogener Daten f\u00fcr den Betrieb unserer Webseite sowie die Lieferung unserer Produkte und die Erbringung unserer Dienstleistungen auf die folgenden Rechtsgrundlagen berufen: <br \/><br \/>Vertrag\/Abonnement: Die Eponet AG erhebt, verarbeitet und nutzt personenbezogene Daten im Zusammenhang mit Vertr\u00e4gen unter strikter Einhaltung der geltenden Datenschutzgesetze. <br \/><br \/>Einwilligung: Wir k\u00f6nnen uns darauf berufen, dass Sie uns zu dem Zeitpunkt, zu dem Sie uns Ihre personenbezogenen Daten zur Verf\u00fcgung gestellt haben, Ihre freiwillige Einwilligung gegeben haben. <br \/><br \/>Berechtigte Interessen: Auf Grundlage unserer Beurteilung, dass die Verarbeitung fair, begr\u00fcndet und ausgewogen erfolgt, k\u00f6nnen wir uns auf rechtm\u00e4ssige Interessen berufen. Zu diesen z\u00e4hlen das Erbringen von Dienstleistungen und die Lieferung von Produkten, f\u00fcr die unsere Kunden ein Abonnement abgeschlossen haben, die Vermarktung unserer Plattform, Angebote und Einladungen, von denen wir glauben, dass unsere Benutzer und Interessenten sowie andere nat\u00fcrliche Personen sie zu sch\u00e4tzen wissen. <br \/><br \/>Rekrutierung: F\u00fcr die Suche von qualifizierten Kandidaten. <br \/><br \/>Rechtliche Verpflichtungen und \u00f6ffentliches Interesse: Wir k\u00f6nnen personenbezogene Daten verarbeiten, um unsere rechtlichen Verpflichtungen zu erf\u00fcllen.<\/p>\r\n<h3>6. Tracking-Technologien<\/h3>\r\n<p>Wir k\u00f6nnen Cookies und andere Technologien nutzen, um bestimmte Arten von Daten automatisch zu erheben, wenn Sie unsere Website besuchen oder mit uns E-Mails austauschen. Die Erhebung dieser Daten erlaubt es uns, Ihr Online-Erlebnis zu individualisieren, Leistung, Benutzerfreundlichkeit und Effizienz unserer Plattform zu verbessern und die Wirksamkeit unserer Marketingaktivit\u00e4ten zu messen. Cookies richten auf Ihrem Rechner keinen Schaden an und enthalten keine Viren.<\/p>\r\n<p>Cookies sind kleine Textdateien, die auf Ihrem Rechner abgelegt werden und die Ihr Browser speichert. Die meisten der von uns verwendeten Cookies sind sogenannte \u00abSession-Cookies\u00bb. Sie werden nach Ende Ihres Besuchs automatisch gel\u00f6scht. Andere Cookies bleiben auf Ihrem Endger\u00e4t gespeichert, bis Sie diese l\u00f6schen. Diese Cookies erm\u00f6glichen es uns, Ihren Browser beim n\u00e4chsten Besuch wiederzuerkennen.<\/p>\r\n<p>Sie k\u00f6nnen die Installation der Cookies durch eine entsprechende Einstellung Ihrer Browser-Software verhindern; wir weisen Sie jedoch darauf hin, dass Sie in diesem Fall gegebenenfalls nicht alle Funktionen dieser Website vollumf\u00e4nglich nutzen k\u00f6nnen. Sie k\u00f6nnen dar\u00fcber hinaus die Erfassung der durch das Cookie erzeugten und auf Ihre Nutzung der Website bezogenen Daten (inklusive Ihrer IP-Adresse) an Google sowie die Verarbeitung dieser Daten durch Google verhindern, indem sie das unter dem folgenden Link verf\u00fcgbare Browser-Plug-in herunterladen und installieren: https:\/\/tools.google.com\/dlpage\/gaoptout?hl=de.<\/p>\r\n<p>Server-Log-Dateien: Der Provider der Seiten erhebt und speichert automatisch Informationen in sogenannten Server-Log-Dateien, die Ihr Browser automatisch an uns \u00fcbermittelt. Dies sind:<\/p>\r\n<ul>\r\n<li>Browsertyp und Browserversion \u2022 Verwendetes Betriebssystem<\/li>\r\n<li>Referrer URL (= zuvor besuchte Seite) \u2022 Hostname des zugreifenden Rechners<\/li>\r\n<li>Datum und Uhrzeit der Serveranfrage<\/li>\r\n<li>IP-Adresse \u2022 Name der abgerufenen Seite\/Datei<\/li>\r\n<li>\u00dcbertragene Datenmenge<br \/><br \/><\/li>\r\n<\/ul>\r\n<p>Die Eponet AG verwendet die Protokolldaten nur f\u00fcr statistische Auswertungen zum Zweck des Betriebs, der Sicherheit und der Optimierung des Angebotes. Das Unternehmen beh\u00e4lt sich jedoch vor, die Protokolldaten nachtr\u00e4glich zu \u00fcberpr\u00fcfen, wenn aufgrund konkreter Anhaltspunkte der berechtigte Verdacht einer rechtswidrigen Nutzung besteht. <br \/><br \/>Grundlage f\u00fcr die Datenverarbeitung ist Art. 6 Abs. 1 lit. b DSGVO, der die Verarbeitung von Daten zur Erf\u00fcllung eines Vertrags oder vorvertraglicher Massnahmen gestattet.<\/p>\r\n<h3>7. Kontaktformular<\/h3>\r\n<p>Wenn Sie uns per Kontaktformular Anfragen zukommen lassen, werden Ihre Angaben aus dem Anfrageformular inklusive der von Ihnen dort angegebenen Kontaktdaten zwecks Bearbeitung der Anfrage und f\u00fcr den Fall von Anschlussfragen bei uns gespeichert. Diese Daten geben wir nicht ohne Ihre Einwilligung weiter. Die Verarbeitung der in das Kontaktformular eingegebenen Daten erfolgt somit ausschliesslich auf Grundlage Ihrer Einwilligung (Art. 6 Abs. 1 lit. a DSGVO). Sie k\u00f6nnen diese Einwilligung jederzeit widerrufen. Dazu reicht eine formlose Mitteilung per E-Mail an uns. <br \/><br \/>Die von Ihnen im Kontaktformular eingegebenen Daten verbleiben bei uns, bis Sie uns zur L\u00f6schung auffordern, Ihre Einwilligung zur Speicherung widerrufen oder der Zweck f\u00fcr die Datenspeicherung entf\u00e4llt (z. B. nach abgeschlossener Bearbeitung Ihrer Anfrage). Gesetzliche Bestimmungen \u2013 insbesondere Aufbewahrungsfristen \u2013 bleiben unber\u00fchrt.<\/p>\r\n<h3><strong>8. E-Mails und E-Newsletter<\/strong><\/h3>\r\n<p>Sie erhalten von uns E-Mails und E-Newsletter nur mit Ihrem Einverst\u00e4ndnis. Sie k\u00f6nnen sich jederzeit vom Empfang weiterer Mitteilungen abmelden. F\u00fcr den Versand des Newsletters verwenden wir das sogenannte Double-Opt-in-Verfahren, das heisst, wir werden Ihnen erst dann einen Newsletter per E-Mail zusenden, wenn Sie zuvor ausdr\u00fccklich best\u00e4tigt haben, dass wir den Newsletter-Dienst aktivieren d\u00fcrfen. Wir werden Ihnen eine Benachrichtigungs-E-Mail zusenden und Sie bitten, durch das Anklicken eines in dieser E-Mail enthaltenen Links zu best\u00e4tigen, dass Sie unseren Newsletter erhalten m\u00f6chten. Sollten Sie sp\u00e4ter keine Newsletter mehr von uns erhalten wollen, k\u00f6nnen Sie diesen jederzeit abbestellen. Einen Link zum Abmelden finden Sie in jedem Newsletter-Versand. Rechtsgrundlagen f\u00fcr die Verarbeitung Ihrer Daten im Zusammenhang mit unserem Newsletter bildet Ihre Einwilligung in die \u00dcbersendung des Newsletters. Diese k\u00f6nnen Sie jederzeit widerrufen und den Newsletter abbestellen.<\/p>\r\n<h3>9. Nutzung von Google Analytics (GA4)<\/h3>\r\n<p>Die Website der Eponet AG nutzt Google Analytics (GA4), einen Webanalysedienst der Google Inc. (Google). Google Analytics verwendet sogenannte Cookies, Textdateien, die auf Ihrem Computer gespeichert werden und die eine Analyse der Benutzung der Website durch Sie erm\u00f6glichen. Die durch den Cookie erzeugten Informationen \u00fcber Ihre Benutzung dieser Website (einschliesslich Ihrer IP-Adresse) werden an einen Server von Google in den USA \u00fcbertragen und dort gespeichert. Im Falle der Aktivierung der IP-Anonymisierung auf dieser Website wird Ihre IP-Adresse von Google jedoch innerhalb von Mitgliedstaaten der Europ\u00e4ischen Union oder in anderen Vertragsstaaten des Abkommens \u00fcber den Europ\u00e4ischen Wirtschaftsraum zuvor gek\u00fcrzt. Nur in Ausnahmef\u00e4llen wird die volle IP-Adresse an einen Server von Google in den USA \u00fcbertragen und dort gek\u00fcrzt. Google wird diese Informationen benutzen, um Ihre Nutzung der Website auszuwerten, um Reports \u00fcber die Websiteaktivit\u00e4ten f\u00fcr die Websitebetreiber zusammenzustellen und um weitere mit der Website- und Internetnutzung verbundene Dienstleistungen zu erbringen. Auch wird Google diese Informationen gegebenenfalls an Dritte \u00fcbertragen, sofern dies gesetzlich vorgeschrieben oder soweit Dritte diese Daten im Auftrag von Google verarbeiten. Google wird in keinem Fall Ihre IPAdresse mit anderen Daten von Google in Verbindung bringen.<\/p>\r\n<h3>10. Demografische Merkmale bei Google Analytics (GA4)<\/h3>\r\n<p>Diese Website nutzt die Funktion \u00abdemografische Merkmale\u00bb von Google Analytics. Dadurch k\u00f6nnen Berichte erstellt werden, die Aussagen zu Alter, Geschlecht und Interessen der Seitenbesucher enthalten. Diese Daten stammen aus interessenbezogener Werbung von Google sowie aus Besucherdaten von Drittanbietern. Diese Daten k\u00f6nnen keiner bestimmten Person zugeordnet werden. Sie k\u00f6nnen diese Funktion jederzeit \u00fcber die Anzeigeneinstellungen in Ihrem Google-Konto deaktivieren oder die Erfassung Ihrer Daten durch Google Analytics, wie im Punkt \u00abWiderspruch gegen Datenerfassung\u00bb dargestellt, generell untersagen. Durch die Nutzung dieser Website erkl\u00e4ren Sie sich mit der Bearbeitung der \u00fcber Sie erhobenen Daten durch Google in der zuvor beschriebenen Art und Weise und zu dem zuvor benannten Zweck einverstanden. Ihre Daten werden weder verkauft noch mit Dritten ausserhalb der Eponet AG geteilt. Davon ausgenommen sind externe Dienstleister, die in unserem Auftrag Ihre Anfrage oder Ihre Bestellung abwickeln und die hierf\u00fcr zwingend notwendigen Daten verarbeiten.<\/p>\r\n<h3>11. Google Maps<\/h3>\r\n<p>Auf der Webseite verwenden wir Google Maps (API) von Google Inc. (1600 Amphitheatre Parkway, Mountain View, CA 94043, USA; zust\u00e4ndig f\u00fcr Europa ist Google Limited Ireland, \u00abGoogle\u00bb). Google Maps ist ein Webdienst zur Darstellung von interaktiven (Land-)Karten, um geographische Informationen visuell darzustellen. \u00dcber die Nutzung dieses Dienstes wird ihnen unser Standort angezeigt und eine etwaige Anfahrt erleichtert. Bereits beim Aufrufen derjenigen Unterseiten, in die die Karte von Google Maps eingebunden ist, werden Informationen \u00fcber Ihre Nutzung unserer Website (wie z.B. Ihre IP-Adresse) an Server von Google in den USA \u00fcbertragen und dort gespeichert. Dies erfolgt unabh\u00e4ngig davon, ob Google ein Nutzerkonto bereitstellt, \u00fcber das Sie eingeloggt sind, oder ob kein Nutzerkonto besteht. Wenn Sie bei Google eingeloggt sind, werden Ihre Daten direkt ihrem Konto zugeordnet. Wenn Sie die Zuordnung mit Ihrem Profil bei Google nicht w\u00fcnschen, m\u00fcssen Sie sich vor Aktivierung des Buttons ausloggen. Google speichert Ihre Daten (selbst f\u00fcr nicht eingeloggte Nutzer) als Nutzungsprofile und wertet diese aus. F\u00fcr Daten\u00fcbermittlungen in die USA hat sich Google verpflichtet, die EU-Standardvertragsklauseln zu unterzeichnen und einzuhalten.<\/p>\r\n<h3>12. Google Web Fonts<\/h3>\r\n<p>Diese Seite nutzt zur einheitlichen Darstellung von Schriftarten so genannte Web Fonts, die von Google bereitgestellt werden. Beim Aufruf einer Seite l\u00e4dt Ihr Browser die ben\u00f6tigten Web Fonts in ihren Browsercache, um Texte und Schriftarten korrekt anzuzeigen. Zu diesem Zweck muss der von Ihnen verwendete Browser Verbindung zu den Servern von Google aufnehmen. Hierdurch erlangt Google Kenntnis dar\u00fcber, dass \u00fcber Ihre IP-Adresse unsere Website aufgerufen wurde. Die Nutzung von Google Web Fonts erfolgt im Interesse einer einheitlichen und ansprechenden Darstellung unserer Online-Angebote. Dies stellt ein berechtigtes Interesse im Sinne von Art. 6 Abs. 1 lit. f DSGVO dar. Wenn Ihr Browser Web Fonts nicht unterst\u00fctzt, wird eine Standardschrift von Ihrem Computer genutzt.<\/p>\r\n<h3>13. SSL- bzw. TLS-Verschl\u00fcsselung<\/h3>\r\n<p>Diese Seite nutzt aus Sicherheitsgr\u00fcnden und zum Schutz der \u00dcbertragung vertraulicher Inhalte wie zum Beispiel Bestellungen oder Anfragen, die Sie an uns als Seitenbetreiber senden, eine SSL-bzw. TLS-Verschl\u00fcsselung. Eine verschl\u00fcsselte Verbindung erkennen Sie daran, dass die Adresszeile des Browsers von \u00abhttp:\/\/\u00bb auf \u00abhttps:\/\/\u00bb wechselt und an dem Schloss-Symbol in Ihrer Browserzeile.<\/p>\r\n<p>Wenn die SSL- bzw. TLS-Verschl\u00fcsselung aktiviert ist, k\u00f6nnen die Daten, die Sie an uns \u00fcbermitteln, nicht von Dritten mitgelesen werden.<\/p>\r\n<p>Unser Dienst sammelt oder kommuniziert keine personenbezogenen Daten. Je nach Betriebssystem und Version ist es m\u00f6glich, dass der Benutzer gefragt wird, ob die App auf den Standort des Ger\u00e4ts zugreifen darf. Diese Erlaubnis wird vom Betriebssystem automatisch eingefordert, wenn ein Dienst nach verf\u00fcgbaren Bluetooth Ger\u00e4ten sucht. Weder die Daten der Bluetooth-Suche noch der Standort des Ger\u00e4ts wird dabei von unserem Dienst gespeichert oder kommuniziert.<\/p>\r\n<h3>14. Personenspezifische Daten aus Vertr\u00e4gen<\/h3>\r\n<p>Wir erheben, verarbeiten und nutzen personenbezogene Daten aus Vertr\u00e4gen nur zu den Zwecken, die mit dem jeweiligen Vertrag in Zusammenhang stehen oder f\u00fcr die gesetzliche Verpflichtungen bestehen. Wir beschr\u00e4nken die Verarbeitung auf diejenigen Daten, die zur Erf\u00fcllung des Vertragszwecks erforderlich sind. Die Verarbeitung personenbezogener Daten aus Vertr\u00e4gen erfolgt auf rechtm\u00e4ssiger Basis. Dies kann beispielsweise die Notwendigkeit der Datenverarbeitung zur Vertragserf\u00fcllung, zur Einhaltung rechtlicher Verpflichtungen oder zur Wahrung berechtigter Interessen einschliessen.<\/p>\r\n<h3>15. Verwendung der Daten<\/h3>\r\n<p>Ihre personenbezogenen Daten werden ausschliesslich f\u00fcr die Zwecke verwendet, f\u00fcr die sie erhoben wurden, es sei denn, Sie haben ausdr\u00fccklich anderweitig eingewilligt. Wir nutzen Ihre Daten beispielsweise zur Kommunikation mit Ihnen, zur Bereitstellung von Dienstleistungen und oder Produkten, zur Versendung von Newslettern und zur Verbesserung unserer Website durch AnalyseTools wie Google Analytics und Hotjar.<\/p>\r\n<h3>16. Datenweitergabe<\/h3>\r\n<p>Wir geben Ihre personenbezogenen Daten nur an Dritte weiter, wenn dies zur Erf\u00fcllung der genannten Zwecke erforderlich ist oder wenn wir gesetzlich dazu verpflichtet sind. Dabei setzen wir angemessene Massnahmen ein, um sicherzustellen, dass Dritte angemessen f\u00fcr den Datenschutz sorgen.<\/p>\r\n<h3>17. Bewerbungen<\/h3>\r\n<p>Interessenten k\u00f6nnen sich per Post oder \u00fcber die auf der Webseite angegebene E-Mail-Adresse auf eine offene Stelle bewerben. Die Bewerbungsunterlagen und s\u00e4mtliche damit an uns bekanntgegebenen Personendaten werden streng vertraulich behandelt, keinem Dritten bekanntgegeben und nur zum Zweck der Bearbeitung Ihrer Bewerbung f\u00fcr eine Anstellung bei uns bearbeitet. Ohne Ihre gegenteilige Zustimmung wird Ihr Bewerbungsdossier nach dem Abschluss des Bewerbungsverfahrens gel\u00f6scht\/vernichtet, soweit es nicht einer gesetzlichen Aufbewahrungspflicht unterliegt. Rechtsgrundlagen f\u00fcr die Bearbeitung Ihrer Daten bilden Ihre Einwilligung, die Erf\u00fcllung des Vertrages mit Ihnen und unsere berechtigten Interessen. Wir bearbeiten dabei insbesondere folgende Informationen:<\/p>\r\n<ul>\r\n<li>Kontaktinformationen (z.B. Name, Vorname, Adresse, Telefonnummer, E-Mail)<\/li>\r\n<li>Pers\u00f6nliche Informationen (z.B. Beruf, Funktion, Titel, Arbeitgeberfirma)<\/li>\r\n<li>Bewerbungsunterlagen (z.B. Motivationsschreiben, Zeugnisse, Diplome, Lebenslauf)<\/li>\r\n<li>Bewertungsinformationen (z.B. Beurteilung Personalberater, Referenzausk\u00fcnfte, Assessments)<br \/><br \/><\/li>\r\n<\/ul>\r\n<p>Diese Personendaten bearbeiten wir f\u00fcr die beschriebenen Zwecke gest\u00fctzt auf die folgenden Rechtsgrundlagen: \u2022 Wahrung berechtigter Interessen (z.B. Anstellung neuer Mitarbeitenden) \u2022 Einwilligung.<\/p>\r\n<h3>18. Lieferanten, Dienstleister, sonstige Vertragspartner<\/h3>\r\n<p>Wenn wir mit Ihnen einen Vertrag schliessen, damit Sie eine Dienstleistung f\u00fcr uns erbringen, bearbeiten wir Personendaten von Ihnen oder Ihren Mitarbeitenden. Diese ben\u00f6tigen wir, um mit Ihnen zu kommunizieren und Ihre Leistungen in Anspruch zu nehmen. Die Personendaten bearbeiten wir f\u00fcr die beschriebenen Zwecke gest\u00fctzt auf die folgenden Rechtsgrundlagen:<\/p>\r\n<ul>\r\n<li>Abschluss oder Abwicklung eines Vertrages mit der betroffenen Person bzw. zugunsten der betroffenen Person, inkl. Vertragsanbahnung und allf\u00e4llige Durchsetzung<\/li>\r\n<li>Wahrung berechtigter Interessen, (z.B. Vermeidung von Interessenkonflikten, Schutz des Unternehmens, Durchsetzung von Rechtsanspr\u00fcchen).<br \/><br \/><\/li>\r\n<\/ul>\r\n<h3>19. Datensicherheit<\/h3>\r\n<p>Wir setzen technische und organisatorische Massnahmen ein, um Ihre personenbezogenen Daten vor unbefugtem Zugriff, Missbrauch oder Verlust zu sch\u00fctzen. Dennoch ist keine Daten\u00fcbertragung im Internet hundertprozentig sicher. Daher k\u00f6nnen wir keine absolute Sicherheit garantieren. Unsere Website enthalten \u00fcblicherweise Links auf andere Websites, die von Partnerunternehmen betrieben werden, die nicht dieser Datenschutzerkl\u00e4rung unterliegen. Bitte pr\u00fcfen Sie die Datenschutzrichtlinien der verlinkten Websites, bevor Sie diesen Websites personenbezogene Daten \u00fcbermitteln. Obwohl wir versuchen, nur auf Websites zu verlinken, die unsere hohen Standards und unseren Respekt f\u00fcr Datenschutz teilen, sind wir nicht verantwortlich f\u00fcr den Inhalt, die Sicherheit oder die Datenschutzpraktiken anderer Websites.<\/p>\r\n<h3>20. Datenschutzrecht<\/h3>\r\n<p>Gem\u00e4ss der Schweizer Datenschutzverordnung haben Sie das Recht, Auskunft \u00fcber die von uns verarbeiteten Daten zu erhalten, unrichtige Daten korrigieren zu lassen, Daten l\u00f6schen zu lassen, der Verarbeitung zu widersprechen und andere gesetzlich verankerte Rechte auszu\u00fcben.<\/p>\r\n<h3>21. \u00c4nderung der Datenschutzerkl\u00e4rung<\/h3>\r\n<p>Wir behalten uns die jederzeitige \u00c4nderung dieser Datenschutzerkl\u00e4rung ausdr\u00fccklich vor.<\/p>\r\n<p>Letzte \u00c4nderung: 11.08.2023 22. Kontakt F\u00fcr Fragen, Anliegen oder Anfragen bez\u00fcglich Ihrer personenbezogenen Daten oder dieser Datenschutzerkl\u00e4rung k\u00f6nnen Sie uns unter datenschutz@eponet.ch erreichen.<\/p>","protected":false},"excerpt":{"rendered":"<p>Datenschutzerkl\u00e4rung der Eponet AG (Stand 1.09.2023) Wir sind dem Schutz der Vertraulichkeit und der Geheimhaltung der uns anvertrauten Informationen verpflichtet. Wir halten die geltenden datenschutzrechtlichen Bestimmungen, insbesondere das Schweizer Bundesgesetz \u00fcber den Datenschutz (DSG), ein. Bitte lesen Sie diese Datenschutzerkl\u00e4rung durch, um zu erfahren, welche Rechte Sie haben, welche Daten wir erheben und wie wir [&hellip;]<\/p>\n","protected":false},"author":1,"featured_media":0,"parent":0,"menu_order":0,"comment_status":"closed","ping_status":"open","template":"","meta":{"footnotes":""},"class_list":["post-3","page","type-page","status-publish","hentry"],"_links":{"self":[{"href":"https:\/\/eponet.ch\/index.php\/wp-json\/wp\/v2\/pages\/3","targetHints":{"allow":["GET"]}}],"collection":[{"href":"https:\/\/eponet.ch\/index.php\/wp-json\/wp\/v2\/pages"}],"about":[{"href":"https:\/\/eponet.ch\/index.php\/wp-json\/wp\/v2\/types\/page"}],"author":[{"embeddable":true,"href":"https:\/\/eponet.ch\/index.php\/wp-json\/wp\/v2\/users\/1"}],"replies":[{"embeddable":true,"href":"https:\/\/eponet.ch\/index.php\/wp-json\/wp\/v2\/comments?post=3"}],"version-history":[{"count":6,"href":"https:\/\/eponet.ch\/index.php\/wp-json\/wp\/v2\/pages\/3\/revisions"}],"predecessor-version":[{"id":1287,"href":"https:\/\/eponet.ch\/index.php\/wp-json\/wp\/v2\/pages\/3\/revisions\/1287"}],"wp:attachment":[{"href":"https:\/\/eponet.ch\/index.php\/wp-json\/wp\/v2\/media?parent=3"}],"curies":[{"name":"wp","href":"https:\/\/api.w.org\/{rel}","templated":true}]}}