{"id":975,"date":"2025-07-23T10:48:45","date_gmt":"2025-07-23T10:48:45","guid":{"rendered":"https:\/\/new.eponet.ch\/?page_id=975"},"modified":"2025-08-05T06:32:25","modified_gmt":"2025-08-05T06:32:25","slug":"kompetenzen","status":"publish","type":"page","link":"https:\/\/eponet.ch\/index.php\/kompetenzen\/","title":{"rendered":"Kompetenzen"},"content":{"rendered":"\t\t<div data-elementor-type=\"wp-page\" data-elementor-id=\"975\" class=\"elementor elementor-975\" data-elementor-post-type=\"page\">\n\t\t\t\t<div class=\"elementor-element elementor-element-4d8e4f2 e-con-full e-flex e-con e-parent\" data-id=\"4d8e4f2\" data-element_type=\"container\" data-settings=\"{&quot;background_background&quot;:&quot;classic&quot;}\">\n\t\t<div class=\"elementor-element elementor-element-9ff863c e-flex e-con-boxed e-con e-child\" data-id=\"9ff863c\" data-element_type=\"container\" data-settings=\"{&quot;motion_fx_motion_fx_scrolling&quot;:&quot;yes&quot;,&quot;motion_fx_translateY_effect&quot;:&quot;yes&quot;,&quot;motion_fx_translateY_speed&quot;:{&quot;unit&quot;:&quot;px&quot;,&quot;size&quot;:3.5,&quot;sizes&quot;:[]},&quot;motion_fx_translateY_affectedRange&quot;:{&quot;unit&quot;:&quot;%&quot;,&quot;size&quot;:&quot;&quot;,&quot;sizes&quot;:{&quot;start&quot;:27,&quot;end&quot;:85}},&quot;animation&quot;:&quot;none&quot;,&quot;motion_fx_devices&quot;:[&quot;desktop&quot;,&quot;tablet_extra&quot;,&quot;tablet&quot;,&quot;mobile_extra&quot;,&quot;mobile&quot;]}\">\n\t\t\t\t\t<div class=\"e-con-inner\">\n\t\t\t\t<div class=\"elementor-element elementor-element-49d250d elementor-widget elementor-widget-heading\" data-id=\"49d250d\" data-element_type=\"widget\" data-widget_type=\"heading.default\">\n\t\t\t\t\t<h2 class=\"elementor-heading-title elementor-size-default\">Kompetenz, die verbindet. Erfahrung, die wirkt.<\/h2>\t\t\t\t<\/div>\n\t\t\t\t<div class=\"elementor-element elementor-element-43998f2 elementor-widget__width-initial elementor-widget elementor-widget-text-editor\" data-id=\"43998f2\" data-element_type=\"widget\" data-widget_type=\"text-editor.default\">\n\t\t\t\t\t\t\t\t\t<p>Eponet AG steht f\u00fcr durchdachte IT-L\u00f6sungen mit Schweizer Qualit\u00e4t.<\/p><p>Unsere Expertise beruht auf jahrelanger Erfahrung, einem tiefen Verst\u00e4ndnis komplexer Anforderungen und dem Anspruch, echten Mehrwert zu schaffen. Ob bei individuellen Softwarel\u00f6sungen, integralen Systemarchitekturen oder nachhaltiger Ladel\u00f6sungen \u2013 wir denken weiter, handeln vorausschauend und bleiben an Ihrer Seite. Entdecken Sie, wie wir mit Swissness, Weitblick und technologischem K\u00f6nnen punkten.<\/p>\t\t\t\t\t\t\t\t<\/div>\n\t\t\t\t\t<\/div>\n\t\t\t\t<\/div>\n\t\t<div class=\"elementor-element elementor-element-19d5910 e-flex e-con-boxed e-con e-child\" data-id=\"19d5910\" data-element_type=\"container\">\n\t\t\t\t\t<div class=\"e-con-inner\">\n\t\t<div class=\"elementor-element elementor-element-fc6f967 e-grid e-con-boxed elementor-invisible e-con e-child\" data-id=\"fc6f967\" data-element_type=\"container\" data-settings=\"{&quot;motion_fx_motion_fx_scrolling&quot;:&quot;yes&quot;,&quot;animation&quot;:&quot;fadeIn&quot;,&quot;motion_fx_devices&quot;:[&quot;desktop&quot;,&quot;tablet_extra&quot;,&quot;tablet&quot;,&quot;mobile_extra&quot;,&quot;mobile&quot;]}\">\n\t\t\t\t\t<div class=\"e-con-inner\">\n\t\t<a class=\"elementor-element elementor-element-d14d146 e-con-full e-flex e-con e-child\" data-id=\"d14d146\" data-element_type=\"container\" href=\"https:\/\/eponet.ch\/index.php\/swiss-made\/\">\n\t\t<div class=\"elementor-element elementor-element-71099c5 e-con-full e-flex e-con e-child\" data-id=\"71099c5\" data-element_type=\"container\">\n\t\t\t\t<div class=\"elementor-element elementor-element-21f5b41 e-transform elementor-widget elementor-widget-image\" data-id=\"21f5b41\" data-element_type=\"widget\" data-settings=\"{&quot;_transform_scale_effect_hover&quot;:{&quot;unit&quot;:&quot;px&quot;,&quot;size&quot;:1.1,&quot;sizes&quot;:[]},&quot;_transform_scale_effect_hover_tablet_extra&quot;:{&quot;unit&quot;:&quot;px&quot;,&quot;size&quot;:&quot;&quot;,&quot;sizes&quot;:[]},&quot;_transform_scale_effect_hover_tablet&quot;:{&quot;unit&quot;:&quot;px&quot;,&quot;size&quot;:&quot;&quot;,&quot;sizes&quot;:[]},&quot;_transform_scale_effect_hover_mobile_extra&quot;:{&quot;unit&quot;:&quot;px&quot;,&quot;size&quot;:&quot;&quot;,&quot;sizes&quot;:[]},&quot;_transform_scale_effect_hover_mobile&quot;:{&quot;unit&quot;:&quot;px&quot;,&quot;size&quot;:&quot;&quot;,&quot;sizes&quot;:[]}}\" data-widget_type=\"image.default\">\n\t\t\t\t\t\t\t\t\t\t\t\t\t\t\t<img fetchpriority=\"high\" decoding=\"async\" width=\"1216\" height=\"832\" src=\"https:\/\/eponet.ch\/wp-content\/uploads\/2025\/08\/freepik__the-style-is-candid-image-photography-with-natural__46082.png\" class=\"attachment-full size-full wp-image-1152\" alt=\"\" srcset=\"https:\/\/eponet.ch\/wp-content\/uploads\/2025\/08\/freepik__the-style-is-candid-image-photography-with-natural__46082.png 1216w, https:\/\/eponet.ch\/wp-content\/uploads\/2025\/08\/freepik__the-style-is-candid-image-photography-with-natural__46082-300x205.png 300w, https:\/\/eponet.ch\/wp-content\/uploads\/2025\/08\/freepik__the-style-is-candid-image-photography-with-natural__46082-1024x701.png 1024w, https:\/\/eponet.ch\/wp-content\/uploads\/2025\/08\/freepik__the-style-is-candid-image-photography-with-natural__46082-768x525.png 768w\" sizes=\"(max-width: 1216px) 100vw, 1216px\" \/>\t\t\t\t\t\t\t\t\t\t\t\t\t\t\t<\/div>\n\t\t\t\t<\/div>\n\t\t<div class=\"elementor-element elementor-element-830326e e-con-full e-flex e-con e-child\" data-id=\"830326e\" data-element_type=\"container\">\n\t\t\t\t<div class=\"elementor-element elementor-element-809d904 elementor-widget elementor-widget-heading\" data-id=\"809d904\" data-element_type=\"widget\" data-widget_type=\"heading.default\">\n\t\t\t\t\t<h2 class=\"elementor-heading-title elementor-size-default\">Swiss Made<\/h2>\t\t\t\t<\/div>\n\t\t\t\t<\/div>\n\t\t\t\t<\/a>\n\t\t<a class=\"elementor-element elementor-element-9c1687a e-con-full e-flex e-con e-child\" data-id=\"9c1687a\" data-element_type=\"container\" href=\"https:\/\/eponet.ch\/index.php\/komplexitat\/\">\n\t\t<div class=\"elementor-element elementor-element-9a68391 e-con-full e-flex e-con e-child\" data-id=\"9a68391\" data-element_type=\"container\">\n\t\t\t\t<div class=\"elementor-element elementor-element-46cfa44 e-transform elementor-widget elementor-widget-image\" data-id=\"46cfa44\" data-element_type=\"widget\" data-settings=\"{&quot;_transform_scale_effect_hover&quot;:{&quot;unit&quot;:&quot;px&quot;,&quot;size&quot;:1.1,&quot;sizes&quot;:[]},&quot;_transform_scale_effect_hover_tablet_extra&quot;:{&quot;unit&quot;:&quot;px&quot;,&quot;size&quot;:&quot;&quot;,&quot;sizes&quot;:[]},&quot;_transform_scale_effect_hover_tablet&quot;:{&quot;unit&quot;:&quot;px&quot;,&quot;size&quot;:&quot;&quot;,&quot;sizes&quot;:[]},&quot;_transform_scale_effect_hover_mobile_extra&quot;:{&quot;unit&quot;:&quot;px&quot;,&quot;size&quot;:&quot;&quot;,&quot;sizes&quot;:[]},&quot;_transform_scale_effect_hover_mobile&quot;:{&quot;unit&quot;:&quot;px&quot;,&quot;size&quot;:&quot;&quot;,&quot;sizes&quot;:[]}}\" data-widget_type=\"image.default\">\n\t\t\t\t\t\t\t\t\t\t\t\t\t\t\t<img decoding=\"async\" width=\"1216\" height=\"832\" src=\"https:\/\/eponet.ch\/wp-content\/uploads\/2025\/08\/freepik__the-style-is-candid-image-photography-with-natural__46083.png\" class=\"attachment-full size-full wp-image-1154\" alt=\"\" srcset=\"https:\/\/eponet.ch\/wp-content\/uploads\/2025\/08\/freepik__the-style-is-candid-image-photography-with-natural__46083.png 1216w, https:\/\/eponet.ch\/wp-content\/uploads\/2025\/08\/freepik__the-style-is-candid-image-photography-with-natural__46083-300x205.png 300w, https:\/\/eponet.ch\/wp-content\/uploads\/2025\/08\/freepik__the-style-is-candid-image-photography-with-natural__46083-1024x701.png 1024w, https:\/\/eponet.ch\/wp-content\/uploads\/2025\/08\/freepik__the-style-is-candid-image-photography-with-natural__46083-768x525.png 768w\" sizes=\"(max-width: 1216px) 100vw, 1216px\" \/>\t\t\t\t\t\t\t\t\t\t\t\t\t\t\t<\/div>\n\t\t\t\t<\/div>\n\t\t<div class=\"elementor-element elementor-element-f847b8b e-con-full e-flex e-con e-child\" data-id=\"f847b8b\" data-element_type=\"container\">\n\t\t\t\t<div class=\"elementor-element elementor-element-128f57a elementor-widget elementor-widget-heading\" data-id=\"128f57a\" data-element_type=\"widget\" data-widget_type=\"heading.default\">\n\t\t\t\t\t<h2 class=\"elementor-heading-title elementor-size-default\">Komplexit\u00e4t<\/h2>\t\t\t\t<\/div>\n\t\t\t\t<\/div>\n\t\t\t\t<\/a>\n\t\t<a class=\"elementor-element elementor-element-76dc9de e-con-full e-flex e-con e-child\" data-id=\"76dc9de\" data-element_type=\"container\" href=\"https:\/\/eponet.ch\/index.php\/vorteile\/\">\n\t\t<div class=\"elementor-element elementor-element-6dc794d e-con-full e-flex e-con e-child\" data-id=\"6dc794d\" data-element_type=\"container\">\n\t\t\t\t<div class=\"elementor-element elementor-element-0dda9b9 e-transform elementor-widget elementor-widget-image\" data-id=\"0dda9b9\" data-element_type=\"widget\" data-settings=\"{&quot;_transform_scale_effect_hover&quot;:{&quot;unit&quot;:&quot;px&quot;,&quot;size&quot;:1.1,&quot;sizes&quot;:[]},&quot;_transform_scale_effect_hover_tablet_extra&quot;:{&quot;unit&quot;:&quot;px&quot;,&quot;size&quot;:&quot;&quot;,&quot;sizes&quot;:[]},&quot;_transform_scale_effect_hover_tablet&quot;:{&quot;unit&quot;:&quot;px&quot;,&quot;size&quot;:&quot;&quot;,&quot;sizes&quot;:[]},&quot;_transform_scale_effect_hover_mobile_extra&quot;:{&quot;unit&quot;:&quot;px&quot;,&quot;size&quot;:&quot;&quot;,&quot;sizes&quot;:[]},&quot;_transform_scale_effect_hover_mobile&quot;:{&quot;unit&quot;:&quot;px&quot;,&quot;size&quot;:&quot;&quot;,&quot;sizes&quot;:[]}}\" data-widget_type=\"image.default\">\n\t\t\t\t\t\t\t\t\t\t\t\t\t\t\t<img decoding=\"async\" width=\"1216\" height=\"832\" src=\"https:\/\/eponet.ch\/wp-content\/uploads\/2025\/08\/freepik__the-style-is-candid-image-photography-with-natural__46085.png\" class=\"attachment-full size-full wp-image-1155\" alt=\"\" srcset=\"https:\/\/eponet.ch\/wp-content\/uploads\/2025\/08\/freepik__the-style-is-candid-image-photography-with-natural__46085.png 1216w, https:\/\/eponet.ch\/wp-content\/uploads\/2025\/08\/freepik__the-style-is-candid-image-photography-with-natural__46085-300x205.png 300w, https:\/\/eponet.ch\/wp-content\/uploads\/2025\/08\/freepik__the-style-is-candid-image-photography-with-natural__46085-1024x701.png 1024w, https:\/\/eponet.ch\/wp-content\/uploads\/2025\/08\/freepik__the-style-is-candid-image-photography-with-natural__46085-768x525.png 768w\" sizes=\"(max-width: 1216px) 100vw, 1216px\" \/>\t\t\t\t\t\t\t\t\t\t\t\t\t\t\t<\/div>\n\t\t\t\t<\/div>\n\t\t<div class=\"elementor-element elementor-element-7216112 e-con-full e-flex e-con e-child\" data-id=\"7216112\" data-element_type=\"container\">\n\t\t\t\t<div class=\"elementor-element elementor-element-0686b7c elementor-widget elementor-widget-heading\" data-id=\"0686b7c\" data-element_type=\"widget\" data-widget_type=\"heading.default\">\n\t\t\t\t\t<h2 class=\"elementor-heading-title elementor-size-default\">Vorteile<\/h2>\t\t\t\t<\/div>\n\t\t\t\t<\/div>\n\t\t\t\t<\/a>\n\t\t<a class=\"elementor-element elementor-element-587c6c7 e-con-full e-flex e-con e-child\" data-id=\"587c6c7\" data-element_type=\"container\" href=\"https:\/\/eponet.ch\/index.php\/erfahrung\/\">\n\t\t<div class=\"elementor-element elementor-element-3ecc29a e-con-full e-flex e-con e-child\" data-id=\"3ecc29a\" data-element_type=\"container\">\n\t\t\t\t<div class=\"elementor-element elementor-element-9635a65 e-transform elementor-widget elementor-widget-image\" data-id=\"9635a65\" data-element_type=\"widget\" data-settings=\"{&quot;_transform_scale_effect_hover&quot;:{&quot;unit&quot;:&quot;px&quot;,&quot;size&quot;:1.1,&quot;sizes&quot;:[]},&quot;_transform_scale_effect_hover_tablet_extra&quot;:{&quot;unit&quot;:&quot;px&quot;,&quot;size&quot;:&quot;&quot;,&quot;sizes&quot;:[]},&quot;_transform_scale_effect_hover_tablet&quot;:{&quot;unit&quot;:&quot;px&quot;,&quot;size&quot;:&quot;&quot;,&quot;sizes&quot;:[]},&quot;_transform_scale_effect_hover_mobile_extra&quot;:{&quot;unit&quot;:&quot;px&quot;,&quot;size&quot;:&quot;&quot;,&quot;sizes&quot;:[]},&quot;_transform_scale_effect_hover_mobile&quot;:{&quot;unit&quot;:&quot;px&quot;,&quot;size&quot;:&quot;&quot;,&quot;sizes&quot;:[]}}\" data-widget_type=\"image.default\">\n\t\t\t\t\t\t\t\t\t\t\t\t\t\t\t<img loading=\"lazy\" decoding=\"async\" width=\"1216\" height=\"832\" src=\"https:\/\/eponet.ch\/wp-content\/uploads\/2025\/08\/freepik__the-style-is-candid-image-photography-with-natural__46086.png\" class=\"attachment-full size-full wp-image-1161\" alt=\"\" srcset=\"https:\/\/eponet.ch\/wp-content\/uploads\/2025\/08\/freepik__the-style-is-candid-image-photography-with-natural__46086.png 1216w, https:\/\/eponet.ch\/wp-content\/uploads\/2025\/08\/freepik__the-style-is-candid-image-photography-with-natural__46086-300x205.png 300w, https:\/\/eponet.ch\/wp-content\/uploads\/2025\/08\/freepik__the-style-is-candid-image-photography-with-natural__46086-1024x701.png 1024w, https:\/\/eponet.ch\/wp-content\/uploads\/2025\/08\/freepik__the-style-is-candid-image-photography-with-natural__46086-768x525.png 768w\" sizes=\"(max-width: 1216px) 100vw, 1216px\" \/>\t\t\t\t\t\t\t\t\t\t\t\t\t\t\t<\/div>\n\t\t\t\t<\/div>\n\t\t<div class=\"elementor-element elementor-element-1ebf142 e-con-full e-flex e-con e-child\" data-id=\"1ebf142\" data-element_type=\"container\">\n\t\t\t\t<div class=\"elementor-element elementor-element-70d64a7 elementor-widget elementor-widget-heading\" data-id=\"70d64a7\" data-element_type=\"widget\" data-widget_type=\"heading.default\">\n\t\t\t\t\t<h2 class=\"elementor-heading-title elementor-size-default\">Erfahrung\u200b<\/h2>\t\t\t\t<\/div>\n\t\t\t\t<\/div>\n\t\t\t\t<\/a>\n\t\t\t\t\t<\/div>\n\t\t\t\t<\/div>\n\t\t\t\t\t<\/div>\n\t\t\t\t<\/div>\n\t\t\t\t<\/div>\n\t\t\t\t<\/div>\n\t\t","protected":false},"excerpt":{"rendered":"<p>Kompetenz, die verbindet. Erfahrung, die wirkt. Eponet AG steht f\u00fcr durchdachte IT-L\u00f6sungen mit Schweizer Qualit\u00e4t. Unsere Expertise beruht auf jahrelanger Erfahrung, einem tiefen Verst\u00e4ndnis komplexer Anforderungen und dem Anspruch, echten Mehrwert zu schaffen. Ob bei individuellen Softwarel\u00f6sungen, integralen Systemarchitekturen oder nachhaltiger Ladel\u00f6sungen \u2013 wir denken weiter, handeln vorausschauend und bleiben an Ihrer Seite. Entdecken Sie, [&hellip;]<\/p>\n","protected":false},"author":1,"featured_media":0,"parent":0,"menu_order":0,"comment_status":"closed","ping_status":"closed","template":"","meta":{"footnotes":""},"class_list":["post-975","page","type-page","status-publish","hentry"],"_links":{"self":[{"href":"https:\/\/eponet.ch\/index.php\/wp-json\/wp\/v2\/pages\/975","targetHints":{"allow":["GET"]}}],"collection":[{"href":"https:\/\/eponet.ch\/index.php\/wp-json\/wp\/v2\/pages"}],"about":[{"href":"https:\/\/eponet.ch\/index.php\/wp-json\/wp\/v2\/types\/page"}],"author":[{"embeddable":true,"href":"https:\/\/eponet.ch\/index.php\/wp-json\/wp\/v2\/users\/1"}],"replies":[{"embeddable":true,"href":"https:\/\/eponet.ch\/index.php\/wp-json\/wp\/v2\/comments?post=975"}],"version-history":[{"count":13,"href":"https:\/\/eponet.ch\/index.php\/wp-json\/wp\/v2\/pages\/975\/revisions"}],"predecessor-version":[{"id":1171,"href":"https:\/\/eponet.ch\/index.php\/wp-json\/wp\/v2\/pages\/975\/revisions\/1171"}],"wp:attachment":[{"href":"https:\/\/eponet.ch\/index.php\/wp-json\/wp\/v2\/media?parent=975"}],"curies":[{"name":"wp","href":"https:\/\/api.w.org\/{rel}","templated":true}]}}