{"id":998,"date":"2025-07-23T11:10:17","date_gmt":"2025-07-23T11:10:17","guid":{"rendered":"https:\/\/new.eponet.ch\/?page_id=998"},"modified":"2025-08-05T06:40:19","modified_gmt":"2025-08-05T06:40:19","slug":"vorteile","status":"publish","type":"page","link":"https:\/\/eponet.ch\/index.php\/vorteile\/","title":{"rendered":"Vorteile"},"content":{"rendered":"\t\t<div data-elementor-type=\"wp-page\" data-elementor-id=\"998\" class=\"elementor elementor-998\" data-elementor-post-type=\"page\">\n\t\t\t\t<div class=\"elementor-element elementor-element-0fc5e8e e-con-full e-flex e-con e-parent\" data-id=\"0fc5e8e\" data-element_type=\"container\">\n\t\t<div class=\"elementor-element elementor-element-a962f69 e-flex e-con-boxed e-con e-child\" data-id=\"a962f69\" data-element_type=\"container\" data-settings=\"{&quot;motion_fx_motion_fx_scrolling&quot;:&quot;yes&quot;,&quot;motion_fx_translateY_effect&quot;:&quot;yes&quot;,&quot;motion_fx_translateY_speed&quot;:{&quot;unit&quot;:&quot;px&quot;,&quot;size&quot;:3.5,&quot;sizes&quot;:[]},&quot;motion_fx_translateY_affectedRange&quot;:{&quot;unit&quot;:&quot;%&quot;,&quot;size&quot;:&quot;&quot;,&quot;sizes&quot;:{&quot;start&quot;:27,&quot;end&quot;:85}},&quot;motion_fx_devices&quot;:[&quot;desktop&quot;,&quot;tablet_extra&quot;,&quot;tablet&quot;,&quot;mobile_extra&quot;,&quot;mobile&quot;]}\">\n\t\t\t\t\t<div class=\"e-con-inner\">\n\t\t\t\t<div class=\"elementor-element elementor-element-18acfc4 elementor-widget elementor-widget-heading\" data-id=\"18acfc4\" data-element_type=\"widget\" data-widget_type=\"heading.default\">\n\t\t\t\t\t<h2 class=\"elementor-heading-title elementor-size-default\">Vorteile \u2013 Ihre digitale Komfortzone<\/h2>\t\t\t\t<\/div>\n\t\t\t\t<div class=\"elementor-element elementor-element-f0ce0a8 elementor-widget__width-initial elementor-widget elementor-widget-text-editor\" data-id=\"f0ce0a8\" data-element_type=\"widget\" data-widget_type=\"text-editor.default\">\n\t\t\t\t\t\t\t\t\t<p>Eponet AG ist Ihr Partner f\u00fcr individuelle Plattforml\u00f6sungen \u2013 keine Standardsoftware, sondern digitaler Raum, der sich Ihren Prozessen anpasst. Echtzeitsteuerung, flexible Abrechnung und intuitive Handhabung sparen Zeit und Nerven, damit Sie sich auf Ihr Kerngesch\u00e4ft konzentrieren.<\/p>\t\t\t\t\t\t\t\t<\/div>\n\t\t\t\t\t<\/div>\n\t\t\t\t<\/div>\n\t\t<div class=\"elementor-element elementor-element-4c13189 e-grid e-con-boxed e-con e-child\" data-id=\"4c13189\" data-element_type=\"container\">\n\t\t\t\t\t<div class=\"e-con-inner\">\n\t\t\t\t<div class=\"elementor-element elementor-element-e4ec90b elementor-widget elementor-widget-image\" data-id=\"e4ec90b\" data-element_type=\"widget\" data-widget_type=\"image.default\">\n\t\t\t\t\t\t\t\t\t\t\t\t\t\t\t<img fetchpriority=\"high\" decoding=\"async\" width=\"1216\" height=\"832\" src=\"https:\/\/eponet.ch\/wp-content\/uploads\/2025\/08\/freepik__the-style-is-candid-image-photography-with-natural__46085.png\" class=\"attachment-full size-full wp-image-1155\" alt=\"\" srcset=\"https:\/\/eponet.ch\/wp-content\/uploads\/2025\/08\/freepik__the-style-is-candid-image-photography-with-natural__46085.png 1216w, https:\/\/eponet.ch\/wp-content\/uploads\/2025\/08\/freepik__the-style-is-candid-image-photography-with-natural__46085-300x205.png 300w, https:\/\/eponet.ch\/wp-content\/uploads\/2025\/08\/freepik__the-style-is-candid-image-photography-with-natural__46085-1024x701.png 1024w, https:\/\/eponet.ch\/wp-content\/uploads\/2025\/08\/freepik__the-style-is-candid-image-photography-with-natural__46085-768x525.png 768w\" sizes=\"(max-width: 1216px) 100vw, 1216px\" \/>\t\t\t\t\t\t\t\t\t\t\t\t\t\t\t<\/div>\n\t\t<div class=\"elementor-element elementor-element-7d1ed1a e-con-full e-flex e-con e-child\" data-id=\"7d1ed1a\" data-element_type=\"container\">\n\t\t<div class=\"elementor-element elementor-element-034abc5 e-con-full e-flex e-con e-child\" data-id=\"034abc5\" data-element_type=\"container\" data-settings=\"{&quot;motion_fx_motion_fx_scrolling&quot;:&quot;yes&quot;,&quot;motion_fx_translateY_effect&quot;:&quot;yes&quot;,&quot;motion_fx_translateY_speed&quot;:{&quot;unit&quot;:&quot;px&quot;,&quot;size&quot;:3.5,&quot;sizes&quot;:[]},&quot;motion_fx_translateY_affectedRange&quot;:{&quot;unit&quot;:&quot;%&quot;,&quot;size&quot;:&quot;&quot;,&quot;sizes&quot;:{&quot;start&quot;:53,&quot;end&quot;:100}},&quot;animation&quot;:&quot;none&quot;,&quot;motion_fx_devices&quot;:[&quot;desktop&quot;,&quot;tablet_extra&quot;,&quot;tablet&quot;,&quot;mobile_extra&quot;,&quot;mobile&quot;]}\">\n\t\t\t\t<div class=\"elementor-element elementor-element-cf42d18 elementor-widget elementor-widget-heading\" data-id=\"cf42d18\" data-element_type=\"widget\" data-widget_type=\"heading.default\">\n\t\t\t\t\t<h2 class=\"elementor-heading-title elementor-size-default\">Vorteile \u2013 Digitalisierung, die sich auszahlt<\/h2>\t\t\t\t<\/div>\n\t\t\t\t<div class=\"elementor-element elementor-element-542c7b3 elementor-widget elementor-widget-text-editor\" data-id=\"542c7b3\" data-element_type=\"widget\" data-widget_type=\"text-editor.default\">\n\t\t\t\t\t\t\t\t\t<p>Als Ihr Partner f\u00fcr individuelle Plattforml\u00f6sungen schaffen wir mehr als eine Software \u2013 wir gestalten Ihre digitale Komfortzone. Wo Standard-Tools an Grenzen sto\u00dfen, liefern wir ma\u00dfgeschneiderte Funktionen: von Echtzeit-Steuerung \u00fcber flexible Tarifmodelle bis zu intuitiven Bedienoberfl\u00e4chen. So sparen Sie nicht nur Zeit und Ressourcen, sondern k\u00f6nnen sich voll und ganz auf Ihr Kerngesch\u00e4ft konzentrieren. Das Ergebnis: ein System, das sich Ihren Prozessen anpasst \u2013 nicht umgekehrt \u2013 und echte Mehrwerte generiert.<\/p>\t\t\t\t\t\t\t\t<\/div>\n\t\t\t\t<\/div>\n\t\t\t\t<\/div>\n\t\t\t\t\t<\/div>\n\t\t\t\t<\/div>\n\t\t\t\t<\/div>\n\t\t<div class=\"elementor-element elementor-element-ece9c1f e-con-full e-flex e-con e-parent\" data-id=\"ece9c1f\" data-element_type=\"container\">\n\t\t<div class=\"elementor-element elementor-element-7ed7c5a e-flex e-con-boxed e-con e-child\" data-id=\"7ed7c5a\" data-element_type=\"container\">\n\t\t\t\t\t<div class=\"e-con-inner\">\n\t\t\t\t<div class=\"elementor-element elementor-element-17dfaa5 elementor-widget elementor-widget-heading\" data-id=\"17dfaa5\" data-element_type=\"widget\" data-widget_type=\"heading.default\">\n\t\t\t\t\t<h2 class=\"elementor-heading-title elementor-size-default\">Weitere Dienstleistungen<\/h2>\t\t\t\t<\/div>\n\t\t\t\t\t<\/div>\n\t\t\t\t<\/div>\n\t\t<div class=\"elementor-element elementor-element-a3fee6d e-grid e-con-boxed e-con e-child\" data-id=\"a3fee6d\" data-element_type=\"container\" data-settings=\"{&quot;animation&quot;:&quot;none&quot;}\">\n\t\t\t\t\t<div class=\"e-con-inner\">\n\t\t<a class=\"elementor-element elementor-element-47bd5c7 e-grid e-con-full elementor-invisible e-con e-child\" data-id=\"47bd5c7\" data-element_type=\"container\" data-settings=\"{&quot;animation&quot;:&quot;fadeIn&quot;}\" href=\"https:\/\/eponet.ch\/index.php\/swiss-made\/\">\n\t\t<div class=\"elementor-element elementor-element-632a2b0 e-con-full e-flex e-con e-child\" data-id=\"632a2b0\" data-element_type=\"container\">\n\t\t\t\t<div class=\"elementor-element elementor-element-66db5c8 elementor-widget__width-initial e-transform elementor-widget elementor-widget-image\" data-id=\"66db5c8\" data-element_type=\"widget\" data-settings=\"{&quot;_transform_scale_effect_hover&quot;:{&quot;unit&quot;:&quot;px&quot;,&quot;size&quot;:1.1,&quot;sizes&quot;:[]},&quot;_transform_scale_effect_hover_tablet_extra&quot;:{&quot;unit&quot;:&quot;px&quot;,&quot;size&quot;:&quot;&quot;,&quot;sizes&quot;:[]},&quot;_transform_scale_effect_hover_tablet&quot;:{&quot;unit&quot;:&quot;px&quot;,&quot;size&quot;:&quot;&quot;,&quot;sizes&quot;:[]},&quot;_transform_scale_effect_hover_mobile_extra&quot;:{&quot;unit&quot;:&quot;px&quot;,&quot;size&quot;:&quot;&quot;,&quot;sizes&quot;:[]},&quot;_transform_scale_effect_hover_mobile&quot;:{&quot;unit&quot;:&quot;px&quot;,&quot;size&quot;:&quot;&quot;,&quot;sizes&quot;:[]}}\" data-widget_type=\"image.default\">\n\t\t\t\t\t\t\t\t\t\t\t\t\t\t\t<img decoding=\"async\" src=\"https:\/\/eponet.ch\/wp-content\/uploads\/elementor\/thumbs\/freepik__the-style-is-candid-image-photography-with-natural__46082-r9sqm30elghv17dme19w8la9hxhu7rq0hc7wwuqq8w.png\" title=\"freepik__the-style-is-candid-image-photography-with-natural__46082\" alt=\"freepik__the-style-is-candid-image-photography-with-natural__46082\" loading=\"lazy\" \/>\t\t\t\t\t\t\t\t\t\t\t\t\t\t\t<\/div>\n\t\t\t\t<\/div>\n\t\t<div class=\"elementor-element elementor-element-0c399e1 e-con-full e-flex e-con e-child\" data-id=\"0c399e1\" data-element_type=\"container\">\n\t\t\t\t<div class=\"elementor-element elementor-element-b95e6fa elementor-widget elementor-widget-heading\" data-id=\"b95e6fa\" data-element_type=\"widget\" data-widget_type=\"heading.default\">\n\t\t\t\t\t<h2 class=\"elementor-heading-title elementor-size-default\">Swiss Made<\/h2>\t\t\t\t<\/div>\n\t\t\t\t<div class=\"elementor-element elementor-element-6b91dfb elementor-widget elementor-widget-text-editor\" data-id=\"6b91dfb\" data-element_type=\"widget\" data-widget_type=\"text-editor.default\">\n\t\t\t\t\t\t\t\t\t<p>Unsere L\u00f6sungen werden vollst\u00e4ndig in der Schweiz entwickelt \u2013 von Menschen, die Ihre Anforderungen verstehen. Swissmade steht f\u00fcr Sicherheit, Qualit\u00e4t und N\u00e4he \u2013 Werte, die wir t\u00e4glich leben und in jedes Projekt einbringen.<\/p>\t\t\t\t\t\t\t\t<\/div>\n\t\t\t\t<\/div>\n\t\t\t\t<\/a>\n\t\t<a class=\"elementor-element elementor-element-023d97a e-grid e-con-full elementor-invisible e-con e-child\" data-id=\"023d97a\" data-element_type=\"container\" data-settings=\"{&quot;animation&quot;:&quot;fadeIn&quot;,&quot;animation_delay&quot;:200}\" href=\"https:\/\/eponet.ch\/index.php\/komplexitat\/\">\n\t\t<div class=\"elementor-element elementor-element-08bfc6c e-con-full e-flex e-con e-child\" data-id=\"08bfc6c\" data-element_type=\"container\">\n\t\t\t\t<div class=\"elementor-element elementor-element-0971d00 elementor-widget__width-initial e-transform elementor-widget elementor-widget-image\" data-id=\"0971d00\" data-element_type=\"widget\" data-settings=\"{&quot;_transform_scale_effect_hover&quot;:{&quot;unit&quot;:&quot;px&quot;,&quot;size&quot;:1.1,&quot;sizes&quot;:[]},&quot;_transform_scale_effect_hover_tablet_extra&quot;:{&quot;unit&quot;:&quot;px&quot;,&quot;size&quot;:&quot;&quot;,&quot;sizes&quot;:[]},&quot;_transform_scale_effect_hover_tablet&quot;:{&quot;unit&quot;:&quot;px&quot;,&quot;size&quot;:&quot;&quot;,&quot;sizes&quot;:[]},&quot;_transform_scale_effect_hover_mobile_extra&quot;:{&quot;unit&quot;:&quot;px&quot;,&quot;size&quot;:&quot;&quot;,&quot;sizes&quot;:[]},&quot;_transform_scale_effect_hover_mobile&quot;:{&quot;unit&quot;:&quot;px&quot;,&quot;size&quot;:&quot;&quot;,&quot;sizes&quot;:[]}}\" data-widget_type=\"image.default\">\n\t\t\t\t\t\t\t\t\t\t\t\t\t\t\t<img decoding=\"async\" src=\"https:\/\/eponet.ch\/wp-content\/uploads\/elementor\/thumbs\/freepik__the-style-is-candid-image-photography-with-natural__46083-r9sqro5v80581r9frg8226iwmdydyzwkkzttm2gh9c.png\" title=\"freepik__the-style-is-candid-image-photography-with-natural__46083\" alt=\"freepik__the-style-is-candid-image-photography-with-natural__46083\" loading=\"lazy\" \/>\t\t\t\t\t\t\t\t\t\t\t\t\t\t\t<\/div>\n\t\t\t\t<\/div>\n\t\t<div class=\"elementor-element elementor-element-14c75a2 e-con-full e-flex e-con e-child\" data-id=\"14c75a2\" data-element_type=\"container\">\n\t\t\t\t<div class=\"elementor-element elementor-element-a0c11b7 elementor-widget elementor-widget-heading\" data-id=\"a0c11b7\" data-element_type=\"widget\" data-widget_type=\"heading.default\">\n\t\t\t\t\t<h2 class=\"elementor-heading-title elementor-size-default\">Komplexit\u00e4t<\/h2>\t\t\t\t<\/div>\n\t\t\t\t<div class=\"elementor-element elementor-element-07b5356 elementor-widget elementor-widget-text-editor\" data-id=\"07b5356\" data-element_type=\"widget\" data-widget_type=\"text-editor.default\">\n\t\t\t\t\t\t\t\t\t<p>Wir lieben Herausforderungen und begegnen komplexen Systemen mit strukturiertem Denken und nachhaltigen Konzepten. Ob heterogene Infrastrukturen oder individuelle Schnittstellen \u2013 wir bringen Ordnung ins System und schaffen verl\u00e4ssliche L\u00f6sungen.<\/p>\t\t\t\t\t\t\t\t<\/div>\n\t\t\t\t<\/div>\n\t\t\t\t<\/a>\n\t\t<a class=\"elementor-element elementor-element-2397430 e-grid e-con-full elementor-invisible e-con e-child\" data-id=\"2397430\" data-element_type=\"container\" data-settings=\"{&quot;animation&quot;:&quot;fadeIn&quot;}\" href=\"https:\/\/eponet.ch\/index.php\/erfahrung\/\">\n\t\t<div class=\"elementor-element elementor-element-9861c17 e-con-full e-flex e-con e-child\" data-id=\"9861c17\" data-element_type=\"container\">\n\t\t\t\t<div class=\"elementor-element elementor-element-2c81d72 elementor-widget__width-initial e-transform elementor-widget elementor-widget-image\" data-id=\"2c81d72\" data-element_type=\"widget\" data-settings=\"{&quot;_transform_scale_effect_hover&quot;:{&quot;unit&quot;:&quot;px&quot;,&quot;size&quot;:1.1,&quot;sizes&quot;:[]},&quot;_transform_scale_effect_hover_tablet_extra&quot;:{&quot;unit&quot;:&quot;px&quot;,&quot;size&quot;:&quot;&quot;,&quot;sizes&quot;:[]},&quot;_transform_scale_effect_hover_tablet&quot;:{&quot;unit&quot;:&quot;px&quot;,&quot;size&quot;:&quot;&quot;,&quot;sizes&quot;:[]},&quot;_transform_scale_effect_hover_mobile_extra&quot;:{&quot;unit&quot;:&quot;px&quot;,&quot;size&quot;:&quot;&quot;,&quot;sizes&quot;:[]},&quot;_transform_scale_effect_hover_mobile&quot;:{&quot;unit&quot;:&quot;px&quot;,&quot;size&quot;:&quot;&quot;,&quot;sizes&quot;:[]}}\" data-widget_type=\"image.default\">\n\t\t\t\t\t\t\t\t\t\t\t\t\t\t\t<img decoding=\"async\" src=\"https:\/\/eponet.ch\/wp-content\/uploads\/elementor\/thumbs\/freepik__the-style-is-candid-image-photography-with-natural__46086-r9sr5k807v5rmb32ngdkwoc4ndhnpz1rtqw4x9v1b4.png\" title=\"freepik__the-style-is-candid-image-photography-with-natural__46086\" alt=\"freepik__the-style-is-candid-image-photography-with-natural__46086\" loading=\"lazy\" \/>\t\t\t\t\t\t\t\t\t\t\t\t\t\t\t<\/div>\n\t\t\t\t<\/div>\n\t\t<div class=\"elementor-element elementor-element-bbca101 e-con-full e-flex e-con e-child\" data-id=\"bbca101\" data-element_type=\"container\">\n\t\t\t\t<div class=\"elementor-element elementor-element-e25674e elementor-widget elementor-widget-heading\" data-id=\"e25674e\" data-element_type=\"widget\" data-widget_type=\"heading.default\">\n\t\t\t\t\t<h2 class=\"elementor-heading-title elementor-size-default\">Erfahrung<\/h2>\t\t\t\t<\/div>\n\t\t\t\t<div class=\"elementor-element elementor-element-7ccd224 elementor-widget elementor-widget-text-editor\" data-id=\"7ccd224\" data-element_type=\"widget\" data-widget_type=\"text-editor.default\">\n\t\t\t\t\t\t\t\t\t<p>Wir bauen nicht auf Theorien, sondern auf erprobte L\u00f6sungen aus der Praxis. Seit der Gr\u00fcndung entwickeln wir digitale Plattformen, die funktionieren \u2013 in der Energiebranche, f\u00fcr Geb\u00e4udeautomation oder E-Mobilit\u00e4t. Mit jeder Herausforderung w\u00e4chst unser Wissen \u2013 und mit jedem Projekt Ihr Nutzen.<\/p>\t\t\t\t\t\t\t\t<\/div>\n\t\t\t\t<\/div>\n\t\t\t\t<\/a>\n\t\t\t\t\t<\/div>\n\t\t\t\t<\/div>\n\t\t\t\t<\/div>\n\t\t\t\t<\/div>\n\t\t","protected":false},"excerpt":{"rendered":"<p>Vorteile \u2013 Ihre digitale Komfortzone Eponet AG ist Ihr Partner f\u00fcr individuelle Plattforml\u00f6sungen \u2013 keine Standardsoftware, sondern digitaler Raum, der sich Ihren Prozessen anpasst. Echtzeitsteuerung, flexible Abrechnung und intuitive Handhabung sparen Zeit und Nerven, damit Sie sich auf Ihr Kerngesch\u00e4ft konzentrieren. Vorteile \u2013 Digitalisierung, die sich auszahlt Als Ihr Partner f\u00fcr individuelle Plattforml\u00f6sungen schaffen wir [&hellip;]<\/p>\n","protected":false},"author":1,"featured_media":0,"parent":0,"menu_order":0,"comment_status":"closed","ping_status":"closed","template":"","meta":{"footnotes":""},"class_list":["post-998","page","type-page","status-publish","hentry"],"_links":{"self":[{"href":"https:\/\/eponet.ch\/index.php\/wp-json\/wp\/v2\/pages\/998","targetHints":{"allow":["GET"]}}],"collection":[{"href":"https:\/\/eponet.ch\/index.php\/wp-json\/wp\/v2\/pages"}],"about":[{"href":"https:\/\/eponet.ch\/index.php\/wp-json\/wp\/v2\/types\/page"}],"author":[{"embeddable":true,"href":"https:\/\/eponet.ch\/index.php\/wp-json\/wp\/v2\/users\/1"}],"replies":[{"embeddable":true,"href":"https:\/\/eponet.ch\/index.php\/wp-json\/wp\/v2\/comments?post=998"}],"version-history":[{"count":16,"href":"https:\/\/eponet.ch\/index.php\/wp-json\/wp\/v2\/pages\/998\/revisions"}],"predecessor-version":[{"id":1189,"href":"https:\/\/eponet.ch\/index.php\/wp-json\/wp\/v2\/pages\/998\/revisions\/1189"}],"wp:attachment":[{"href":"https:\/\/eponet.ch\/index.php\/wp-json\/wp\/v2\/media?parent=998"}],"curies":[{"name":"wp","href":"https:\/\/api.w.org\/{rel}","templated":true}]}}